{"id":2393,"date":"2015-08-21T08:09:32","date_gmt":"2015-08-21T08:09:32","guid":{"rendered":"https:\/\/ham.web.mp2.at\/process\/"},"modified":"2025-01-15T14:31:16","modified_gmt":"2025-01-15T13:31:16","slug":"methoden-ethische-grundsaetze","status":"publish","type":"page","link":"https:\/\/www.marilynhamminger.at\/de\/methoden-ethische-grundsaetze\/","title":{"rendered":"Methoden &#038; Ethische Grunds\u00e4tze"},"content":{"rendered":"","protected":false},"excerpt":{"rendered":"","protected":false},"author":1,"featured_media":0,"parent":0,"menu_order":4,"comment_status":"closed","ping_status":"closed","template":"","meta":{"footnotes":""},"class_list":["post-2393","page","type-page","status-publish","hentry"],"yoast_head":"<!-- This site is optimized with the Yoast SEO plugin v26.7 - https:\/\/yoast.com\/wordpress\/plugins\/seo\/ -->\n<title>Methoden &amp; Ethische Grunds\u00e4tze - Berufscoaching | Mentoring und Teambuilding in Wien<\/title>\n<meta name=\"description\" content=\"M\u00f6chten Sie mehr \u00fcber die didaktischen Methoden und ethischen Prinzipien von Coach und Beraterin Marilyn Hamminger erfahren? Auf ihrer Website erhalten Sie spannende Einblicke in ihre Arbeitsweise und Philosophie. Jetzt reinklicken und mehr erfahren \u2013 es lohnt sich!\" \/>\n<meta name=\"robots\" content=\"index, follow, max-snippet:-1, max-image-preview:large, max-video-preview:-1\" \/>\n<link rel=\"canonical\" href=\"https:\/\/www.marilynhamminger.at\/de\/methoden-ethische-grundsaetze\/\" \/>\n<meta property=\"og:locale\" content=\"de_DE\" \/>\n<meta property=\"og:type\" content=\"article\" \/>\n<meta property=\"og:title\" content=\"Methoden &amp; Ethische Grunds\u00e4tze - Berufscoaching | Mentoring und Teambuilding in Wien\" \/>\n<meta property=\"og:description\" content=\"M\u00f6chten Sie mehr \u00fcber die didaktischen Methoden und ethischen Prinzipien von Coach und Beraterin Marilyn Hamminger erfahren? Auf ihrer Website erhalten Sie spannende Einblicke in ihre Arbeitsweise und Philosophie. Jetzt reinklicken und mehr erfahren \u2013 es lohnt sich!\" \/>\n<meta property=\"og:url\" content=\"https:\/\/www.marilynhamminger.at\/de\/methoden-ethische-grundsaetze\/\" \/>\n<meta property=\"og:site_name\" content=\"Berufscoaching | Mentoring und Teambuilding in Wien\" \/>\n<meta property=\"article:modified_time\" content=\"2025-01-15T13:31:16+00:00\" \/>\n<meta name=\"twitter:card\" content=\"summary_large_image\" \/>\n<meta name=\"twitter:label1\" content=\"Gesch\u00e4tzte Lesezeit\" \/>\n\t<meta name=\"twitter:data1\" content=\"5\u00a0Minuten\" \/>\n<script type=\"application\/ld+json\" class=\"yoast-schema-graph\">{\"@context\":\"https:\/\/schema.org\",\"@graph\":[{\"@type\":\"WebPage\",\"@id\":\"https:\/\/www.marilynhamminger.at\/de\/methoden-ethische-grundsaetze\/\",\"url\":\"https:\/\/www.marilynhamminger.at\/de\/methoden-ethische-grundsaetze\/\",\"name\":\"Methoden & Ethische Grunds\u00e4tze - Berufscoaching | Mentoring und Teambuilding in Wien\",\"isPartOf\":{\"@id\":\"https:\/\/www.marilynhamminger.at\/de\/#website\"},\"datePublished\":\"2015-08-21T08:09:32+00:00\",\"dateModified\":\"2025-01-15T13:31:16+00:00\",\"description\":\"M\u00f6chten Sie mehr \u00fcber die didaktischen Methoden und ethischen Prinzipien von Coach und Beraterin Marilyn Hamminger erfahren? Auf ihrer Website erhalten Sie spannende Einblicke in ihre Arbeitsweise und Philosophie. Jetzt reinklicken und mehr erfahren \u2013 es lohnt sich!\",\"breadcrumb\":{\"@id\":\"https:\/\/www.marilynhamminger.at\/de\/methoden-ethische-grundsaetze\/#breadcrumb\"},\"inLanguage\":\"de\",\"potentialAction\":[{\"@type\":\"ReadAction\",\"target\":[\"https:\/\/www.marilynhamminger.at\/de\/methoden-ethische-grundsaetze\/\"]}]},{\"@type\":\"BreadcrumbList\",\"@id\":\"https:\/\/www.marilynhamminger.at\/de\/methoden-ethische-grundsaetze\/#breadcrumb\",\"itemListElement\":[{\"@type\":\"ListItem\",\"position\":1,\"name\":\"Startseite\",\"item\":\"https:\/\/www.marilynhamminger.at\/de\/\"},{\"@type\":\"ListItem\",\"position\":2,\"name\":\"Methoden &#038; Ethische Grunds\u00e4tze\"}]},{\"@type\":\"WebSite\",\"@id\":\"https:\/\/www.marilynhamminger.at\/de\/#website\",\"url\":\"https:\/\/www.marilynhamminger.at\/de\/\",\"name\":\"Berufscoaching | Mentoring und Teambuilding in Wien\",\"description\":\"\",\"publisher\":{\"@id\":\"https:\/\/www.marilynhamminger.at\/de\/#\/schema\/person\/13f3fb257605fee920b69563ec0eb08d\"},\"potentialAction\":[{\"@type\":\"SearchAction\",\"target\":{\"@type\":\"EntryPoint\",\"urlTemplate\":\"https:\/\/www.marilynhamminger.at\/de\/?s={search_term_string}\"},\"query-input\":{\"@type\":\"PropertyValueSpecification\",\"valueRequired\":true,\"valueName\":\"search_term_string\"}}],\"inLanguage\":\"de\"},{\"@type\":[\"Person\",\"Organization\"],\"@id\":\"https:\/\/www.marilynhamminger.at\/de\/#\/schema\/person\/13f3fb257605fee920b69563ec0eb08d\",\"name\":\"Marilyn Hamminger\",\"logo\":{\"@id\":\"https:\/\/www.marilynhamminger.at\/de\/#\/schema\/person\/image\/\"}}]}<\/script>\n<!-- \/ Yoast SEO plugin. -->","yoast_head_json":{"title":"Methoden & Ethische Grunds\u00e4tze - Berufscoaching | Mentoring und Teambuilding in Wien","description":"M\u00f6chten Sie mehr \u00fcber die didaktischen Methoden und ethischen Prinzipien von Coach und Beraterin Marilyn Hamminger erfahren? Auf ihrer Website erhalten Sie spannende Einblicke in ihre Arbeitsweise und Philosophie. Jetzt reinklicken und mehr erfahren \u2013 es lohnt sich!","robots":{"index":"index","follow":"follow","max-snippet":"max-snippet:-1","max-image-preview":"max-image-preview:large","max-video-preview":"max-video-preview:-1"},"canonical":"https:\/\/www.marilynhamminger.at\/de\/methoden-ethische-grundsaetze\/","og_locale":"de_DE","og_type":"article","og_title":"Methoden & Ethische Grunds\u00e4tze - Berufscoaching | Mentoring und Teambuilding in Wien","og_description":"M\u00f6chten Sie mehr \u00fcber die didaktischen Methoden und ethischen Prinzipien von Coach und Beraterin Marilyn Hamminger erfahren? Auf ihrer Website erhalten Sie spannende Einblicke in ihre Arbeitsweise und Philosophie. Jetzt reinklicken und mehr erfahren \u2013 es lohnt sich!","og_url":"https:\/\/www.marilynhamminger.at\/de\/methoden-ethische-grundsaetze\/","og_site_name":"Berufscoaching | Mentoring und Teambuilding in Wien","article_modified_time":"2025-01-15T13:31:16+00:00","twitter_card":"summary_large_image","twitter_misc":{"Gesch\u00e4tzte Lesezeit":"5\u00a0Minuten"},"schema":{"@context":"https:\/\/schema.org","@graph":[{"@type":"WebPage","@id":"https:\/\/www.marilynhamminger.at\/de\/methoden-ethische-grundsaetze\/","url":"https:\/\/www.marilynhamminger.at\/de\/methoden-ethische-grundsaetze\/","name":"Methoden & Ethische Grunds\u00e4tze - Berufscoaching | Mentoring und Teambuilding in Wien","isPartOf":{"@id":"https:\/\/www.marilynhamminger.at\/de\/#website"},"datePublished":"2015-08-21T08:09:32+00:00","dateModified":"2025-01-15T13:31:16+00:00","description":"M\u00f6chten Sie mehr \u00fcber die didaktischen Methoden und ethischen Prinzipien von Coach und Beraterin Marilyn Hamminger erfahren? Auf ihrer Website erhalten Sie spannende Einblicke in ihre Arbeitsweise und Philosophie. Jetzt reinklicken und mehr erfahren \u2013 es lohnt sich!","breadcrumb":{"@id":"https:\/\/www.marilynhamminger.at\/de\/methoden-ethische-grundsaetze\/#breadcrumb"},"inLanguage":"de","potentialAction":[{"@type":"ReadAction","target":["https:\/\/www.marilynhamminger.at\/de\/methoden-ethische-grundsaetze\/"]}]},{"@type":"BreadcrumbList","@id":"https:\/\/www.marilynhamminger.at\/de\/methoden-ethische-grundsaetze\/#breadcrumb","itemListElement":[{"@type":"ListItem","position":1,"name":"Startseite","item":"https:\/\/www.marilynhamminger.at\/de\/"},{"@type":"ListItem","position":2,"name":"Methoden &#038; Ethische Grunds\u00e4tze"}]},{"@type":"WebSite","@id":"https:\/\/www.marilynhamminger.at\/de\/#website","url":"https:\/\/www.marilynhamminger.at\/de\/","name":"Berufscoaching | Mentoring und Teambuilding in Wien","description":"","publisher":{"@id":"https:\/\/www.marilynhamminger.at\/de\/#\/schema\/person\/13f3fb257605fee920b69563ec0eb08d"},"potentialAction":[{"@type":"SearchAction","target":{"@type":"EntryPoint","urlTemplate":"https:\/\/www.marilynhamminger.at\/de\/?s={search_term_string}"},"query-input":{"@type":"PropertyValueSpecification","valueRequired":true,"valueName":"search_term_string"}}],"inLanguage":"de"},{"@type":["Person","Organization"],"@id":"https:\/\/www.marilynhamminger.at\/de\/#\/schema\/person\/13f3fb257605fee920b69563ec0eb08d","name":"Marilyn Hamminger","logo":{"@id":"https:\/\/www.marilynhamminger.at\/de\/#\/schema\/person\/image\/"}}]}},"_links":{"self":[{"href":"https:\/\/www.marilynhamminger.at\/de\/wp-json\/wp\/v2\/pages\/2393","targetHints":{"allow":["GET"]}}],"collection":[{"href":"https:\/\/www.marilynhamminger.at\/de\/wp-json\/wp\/v2\/pages"}],"about":[{"href":"https:\/\/www.marilynhamminger.at\/de\/wp-json\/wp\/v2\/types\/page"}],"author":[{"embeddable":true,"href":"https:\/\/www.marilynhamminger.at\/de\/wp-json\/wp\/v2\/users\/1"}],"replies":[{"embeddable":true,"href":"https:\/\/www.marilynhamminger.at\/de\/wp-json\/wp\/v2\/comments?post=2393"}],"version-history":[{"count":5,"href":"https:\/\/www.marilynhamminger.at\/de\/wp-json\/wp\/v2\/pages\/2393\/revisions"}],"predecessor-version":[{"id":3394,"href":"https:\/\/www.marilynhamminger.at\/de\/wp-json\/wp\/v2\/pages\/2393\/revisions\/3394"}],"wp:attachment":[{"href":"https:\/\/www.marilynhamminger.at\/de\/wp-json\/wp\/v2\/media?parent=2393"}],"curies":[{"name":"wp","href":"https:\/\/api.w.org\/{rel}","templated":true}]}}